{"id":808,"date":"2021-05-30T14:08:16","date_gmt":"2021-05-30T13:08:16","guid":{"rendered":"https:\/\/relay.wordifysites.com\/?page_id=2"},"modified":"2024-10-01T10:21:36","modified_gmt":"2024-10-01T10:21:36","slug":"home","status":"publish","type":"page","link":"https:\/\/bcgv.vn\/","title":{"rendered":"Home"},"content":{"rendered":"<section class=\"gb-container gb-container-c65783c5\">\n<div class=\"gb-container gb-container-a78c53ce\">\n\n<h4 class=\"gb-headline gb-headline-9ceee965 gb-headline-text\">CTCP TRUY\u1ec0N TH\u00d4NG &amp; C\u00d4NG NGH\u1ec6 BCGV <\/h4>\n\n\n\n<p class=\"gb-headline gb-headline-bf57ee6c\"><span class=\"gb-icon\"><svg viewBox=\"0 0 612.001 612\" xmlns=\"http:\/\/www.w3.org\/2000\/svg\"><path d=\"M588.074 199.311c-11.954-12.377-25.671-16.74-35.288-18.225-8.256-62.36-15.939-94.828-275.988-94.828C16.75 86.258 0 125.46 0 193.498v11.605c0 18.411 14.925 33.336 33.336 33.336h83.427c18.411 0 33.336-14.925 33.336-33.336v-11.605c0-52.705 80.699-54.319 126.698-54.319 45.998 0 126.697 1.614 126.697 54.319v11.605c0 18.411 14.926 33.336 33.337 33.336h83.427c18.411 0 33.337-14.925 33.337-33.336v-4.464c6.146 1.51 13.907 4.794 20.776 11.905 16.747 17.347 22.305 50.861 16.068 96.927-10.815 79.816-42.181 108.325-75.585 117.813v-13.886c0-14.097-3.524-28.05-10.668-40.242-33.336-57.053-80.674-107.677-140.823-152.301v-33.717a4.776 4.776 0 0 0-4.762-4.762H309.12a4.745 4.745 0 0 0-4.762 4.762v33.527h-56.481v-33.527a4.776 4.776 0 0 0-4.762-4.762h-49.529a4.775 4.775 0 0 0-4.762 4.762v33.527C128.581 265.384 81.195 316.007 47.81 373.156c-7.144 12.192-10.668 26.146-10.668 40.242v31.384c0 44.72 36.242 80.961 80.961 80.961h315.793c44.018 0 79.744-35.135 80.855-78.884 53.54-12.54 83.912-56.224 94.562-134.831 7.154-52.796.005-90.718-21.239-112.717zm-229.347 214.92-31.774-11.313c3.371-6.792 5.314-14.421 5.314-22.522 0-28.003-22.716-50.72-50.767-50.72-28.003 0-50.767 22.717-50.767 50.72 0 28.051 22.764 50.768 50.767 50.768a50.525 50.525 0 0 0 28.037-8.453l17.429 28.648c-13.129 8.43-28.707 13.379-45.465 13.379-46.576 0-84.294-37.766-84.294-84.341 0-46.529 37.718-84.294 84.294-84.294 46.576 0 84.342 37.766 84.342 84.294-.001 12.04-2.568 23.47-7.116 33.834z\"><\/path><\/svg><\/span><span class=\"gb-headline-text\">02466.879.899<\/span><\/p>\n\n\n\n<p class=\"gb-headline gb-headline-1de00722\"><span class=\"gb-icon\"><svg viewBox=\"0 0 330.001 330.001\" xmlns=\"http:\/\/www.w3.org\/2000\/svg\"><path d=\"M173.871 177.097a14.982 14.982 0 0 1-8.87 2.903 14.98 14.98 0 0 1-8.871-2.903L30 84.602.001 62.603 0 275.001c.001 8.284 6.716 15 15 15L315.001 290c8.285 0 15-6.716 15-14.999V62.602l-30.001 22-126.129 92.495z\"><\/path><path d=\"M165.001 146.4 310.087 40.001 19.911 40z\"><\/path><\/svg><\/span><span class=\"gb-headline-text\"><a href=\"mailto:contact@relay.com\">contact<\/a>@bgcv.vn<\/span><\/p>\n\n\n\n<p class=\"gb-headline gb-headline-c6b54889 gb-headline-text\">Ch\u00fang t\u00f4i t\u1ef1 h\u00e0o l\u00e0 \u0111\u01a1n v\u1ecb truy\u1ec1n th\u00f4ng v\u00e0 c\u00f4ng ngh\u1ec7 tr\u1ef1c thu\u1ed9c CTCP T\u1eadp \u0111o\u00e0n UB, \u0111\u01a1n v\u1ecb lu\u00f4n \u0111\u01b0\u1ee3c l\u1ef1a ch\u1ecdn, tin d\u00f9ng trong l\u0129nh v\u1ef1c cung c\u1ea5p s\u1ea3n ph\u1ea9m truy\u1ec1n th\u00f4ng m\u1ea1ng x\u00e3 h\u1ed9i v\u00e0 d\u1ecbch v\u1ee5 c\u00f4ng ngh\u1ec7 b\u1ed5 tr\u1ee3 cho ng\u00e0nh T\u00e0i ch\u00ednh &#8211; Ng\u00e2n h\u00e0ng t\u1ea1i Vi\u1ec7t Nam.<\/p>\n\n\n\n<a class=\"gb-button gb-button-a1c61a52 gb-button-text\" href=\"#\">Get in touch<\/a>\n\n<\/div>\n\n<div class=\"gb-container gb-container-f663f9e1\" style=\"background-image: url(https:\/\/bcgv.vn\/wp-content\/uploads\/2024\/10\/DMT_8454-scaled.jpg);\">\n\n<\/div>\n<\/section>\n\n<section class=\"gb-container gb-container-a2a024f0\">\n<div class=\"gb-grid-wrapper gb-grid-wrapper-8a9f6f0f\">\n<div class=\"gb-grid-column gb-grid-column-bbed85f2\"><div class=\"gb-container gb-container-bbed85f2\">\n\n<h2 class=\"gb-headline gb-headline-baa0948e\"><span class=\"gb-icon\"><svg aria-hidden=\"true\" role=\"img\" height=\"1em\" width=\"1em\" viewBox=\"0 0 384 512\" xmlns=\"http:\/\/www.w3.org\/2000\/svg\"><path fill=\"currentColor\" d=\"M97.12 362.63c-8.69-8.69-4.16-6.24-25.12-11.85-9.51-2.55-17.87-7.45-25.43-13.32L1.2 448.7c-4.39 10.77 3.81 22.47 15.43 22.03l52.69-2.01L105.56 507c8 8.44 22.04 5.81 26.43-4.96l52.05-127.62c-10.84 6.04-22.87 9.58-35.31 9.58-19.5 0-37.82-7.59-51.61-21.37zM382.8 448.7l-45.37-111.24c-7.56 5.88-15.92 10.77-25.43 13.32-21.07 5.64-16.45 3.18-25.12 11.85-13.79 13.78-32.12 21.37-51.62 21.37-12.44 0-24.47-3.55-35.31-9.58L252 502.04c4.39 10.77 18.44 13.4 26.43 4.96l36.25-38.28 52.69 2.01c11.62.44 19.82-11.27 15.43-22.03zM263 340c15.28-15.55 17.03-14.21 38.79-20.14 13.89-3.79 24.75-14.84 28.47-28.98 7.48-28.4 5.54-24.97 25.95-45.75 10.17-10.35 14.14-25.44 10.42-39.58-7.47-28.38-7.48-24.42 0-52.83 3.72-14.14-.25-29.23-10.42-39.58-20.41-20.78-18.47-17.36-25.95-45.75-3.72-14.14-14.58-25.19-28.47-28.98-27.88-7.61-24.52-5.62-44.95-26.41-10.17-10.35-25-14.4-38.89-10.61-27.87 7.6-23.98 7.61-51.9 0-13.89-3.79-28.72.25-38.89 10.61-20.41 20.78-17.05 18.8-44.94 26.41-13.89 3.79-24.75 14.84-28.47 28.98-7.47 28.39-5.54 24.97-25.95 45.75-10.17 10.35-14.15 25.44-10.42 39.58 7.47 28.36 7.48 24.4 0 52.82-3.72 14.14.25 29.23 10.42 39.59 20.41 20.78 18.47 17.35 25.95 45.75 3.72 14.14 14.58 25.19 28.47 28.98C104.6 325.96 106.27 325 121 340c13.23 13.47 33.84 15.88 49.74 5.82a39.676 39.676 0 0 1 42.53 0c15.89 10.06 36.5 7.65 49.73-5.82zM97.66 175.96c0-53.03 42.24-96.02 94.34-96.02s94.34 42.99 94.34 96.02-42.24 96.02-94.34 96.02-94.34-42.99-94.34-96.02z\"><\/path><\/svg><\/span><span class=\"gb-headline-text\">TRUY\u1ec0N TH\u00d4NG M\u1ea0NG X\u00c3 H\u1ed8I<\/span><\/h2>\n\n<\/div><\/div>\n\n<div class=\"gb-grid-column gb-grid-column-72e8d35c\"><div class=\"gb-container gb-container-72e8d35c\">\n\n<h2 class=\"gb-headline gb-headline-612b795a\"><span class=\"gb-icon\"><svg aria-hidden=\"true\" role=\"img\" height=\"1em\" width=\"1em\" viewBox=\"0 0 576 512\" xmlns=\"http:\/\/www.w3.org\/2000\/svg\"><path fill=\"currentColor\" d=\"M576 240c0-23.63-12.95-44.04-32-55.12V32.01C544 23.26 537.02 0 512 0c-7.12 0-14.19 2.38-19.98 7.02l-85.03 68.03C364.28 109.19 310.66 128 256 128H64c-35.35 0-64 28.65-64 64v96c0 35.35 28.65 64 64 64h33.7c-1.39 10.48-2.18 21.14-2.18 32 0 39.77 9.26 77.35 25.56 110.94 5.19 10.69 16.52 17.06 28.4 17.06h74.28c26.05 0 41.69-29.84 25.9-50.56-16.4-21.52-26.15-48.36-26.15-77.44 0-11.11 1.62-21.79 4.41-32H256c54.66 0 108.28 18.81 150.98 52.95l85.03 68.03a32.023 32.023 0 0 0 19.98 7.02c24.92 0 32-22.78 32-32V295.13C563.05 284.04 576 263.63 576 240zm-96 141.42l-33.05-26.44C392.95 311.78 325.12 288 256 288v-96c69.12 0 136.95-23.78 190.95-66.98L480 98.58v282.84z\"><\/path><\/svg><\/span><span class=\"gb-headline-text\">TRUY\u1ec0N TH\u00d4NG B\u00c1O CH\u00cd<\/span><\/h2>\n\n<\/div><\/div>\n\n<div class=\"gb-grid-column gb-grid-column-4fab62d0\"><div class=\"gb-container gb-container-4fab62d0\">\n\n<h2 class=\"gb-headline gb-headline-48070610\"><span class=\"gb-icon\"><svg aria-hidden=\"true\" role=\"img\" height=\"1em\" width=\"1em\" viewBox=\"0 0 512 512\" xmlns=\"http:\/\/www.w3.org\/2000\/svg\"><path fill=\"currentColor\" d=\"M462.3 62.6C407.5 15.9 326 24.3 275.7 76.2L256 96.5l-19.7-20.3C186.1 24.3 104.5 15.9 49.7 62.6c-62.8 53.6-66.1 149.8-9.9 207.9l193.5 199.8c12.5 12.9 32.8 12.9 45.3 0l193.5-199.8c56.3-58.1 53-154.3-9.8-207.9z\"><\/path><\/svg><\/span><span class=\"gb-headline-text\">C\u1ed4NG TH\u00d4NG TIN THI N\u1ed8I B\u1ed8<\/span><\/h2>\n\n<\/div><\/div>\n\n<div class=\"gb-grid-column gb-grid-column-22d6bd71\"><div class=\"gb-container gb-container-22d6bd71\">\n\n<h2 class=\"gb-headline gb-headline-fe6abf29\"><span class=\"gb-icon\"><svg aria-hidden=\"true\" role=\"img\" height=\"1em\" width=\"1em\" viewBox=\"0 0 512 512\" xmlns=\"http:\/\/www.w3.org\/2000\/svg\"><path fill=\"currentColor\" d=\"M440 6.5L24 246.4c-34.4 19.9-31.1 70.8 5.7 85.9L144 379.6V464c0 46.4 59.2 65.5 86.6 28.6l43.8-59.1 111.9 46.2c5.9 2.4 12.1 3.6 18.3 3.6 8.2 0 16.3-2.1 23.6-6.2 12.8-7.2 21.6-20 23.9-34.5l59.4-387.2c6.1-40.1-36.9-68.8-71.5-48.9zM192 464v-64.6l36.6 15.1L192 464zm212.6-28.7l-153.8-63.5L391 169.5c10.7-15.5-9.5-33.5-23.7-21.2L155.8 332.6 48 288 464 48l-59.4 387.3z\"><\/path><\/svg><\/span><span class=\"gb-headline-text\">T\u1ed4 CH\u1ee8C S\u1ef0 KI\u1ec6N, H\u1ed8I THAO<\/span><\/h2>\n\n<\/div><\/div>\n\n<div class=\"gb-grid-column gb-grid-column-ab4f1bcc\"><div class=\"gb-container gb-container-ab4f1bcc\">\n\n<h2 class=\"gb-headline gb-headline-dca5d1f1\"><span class=\"gb-icon\"><svg aria-hidden=\"true\" role=\"img\" height=\"1em\" width=\"1em\" viewBox=\"0 0 448 512\" xmlns=\"http:\/\/www.w3.org\/2000\/svg\"><path fill=\"currentColor\" d=\"M323.56 51.2c-20.8 19.3-39.58 39.59-56.22 59.97C240.08 73.62 206.28 35.53 168 0 69.74 91.17 0 209.96 0 281.6 0 408.85 100.29 512 224 512s224-103.15 224-230.4c0-53.27-51.98-163.14-124.44-230.4zm-19.47 340.65C282.43 407.01 255.72 416 226.86 416 154.71 416 96 368.26 96 290.75c0-38.61 24.31-72.63 72.79-130.75 6.93 7.98 98.83 125.34 98.83 125.34l58.63-66.88c4.14 6.85 7.91 13.55 11.27 19.97 27.35 52.19 15.81 118.97-33.43 153.42z\"><\/path><\/svg><\/span><span class=\"gb-headline-text\">TRUY\u1ec0N TH\u00d4NG TUY\u1ec2N D\u1ee4NG<\/span><\/h2>\n\n<\/div><\/div>\n\n<div class=\"gb-grid-column gb-grid-column-bd9c9327\"><div class=\"gb-container gb-container-bd9c9327\">\n\n<h2 class=\"gb-headline gb-headline-ff9e7d6e\"><span class=\"gb-icon\"><svg aria-hidden=\"true\" role=\"img\" height=\"1em\" width=\"1em\" viewBox=\"0 0 640 512\" xmlns=\"http:\/\/www.w3.org\/2000\/svg\"><path fill=\"currentColor\" d=\"M192 384h192c53 0 96-43 96-96h32c70.6 0 128-57.4 128-128S582.6 32 512 32H120c-13.3 0-24 10.7-24 24v232c0 53 43 96 96 96zM512 96c35.3 0 64 28.7 64 64s-28.7 64-64 64h-32V96h32zm47.7 384H48.3c-47.6 0-61-64-36-64h583.3c25 0 11.8 64-35.9 64z\"><\/path><\/svg><\/span><span class=\"gb-headline-text\">D\u1ecaCH V\u1ee4 QU\u1ea2NG C\u00c1O, BOOKING<\/span><\/h2>\n\n<\/div><\/div>\n<\/div>\n<\/section>\n\n<section class=\"gb-container gb-container-cb447b4b\">\n<div class=\"gb-container gb-container-6dc33205\">\n\n<h2 class=\"gb-headline gb-headline-c9ba4d87 gb-headline-text\">H\u01a0N 5++ N\u0102M KINH NGHI\u1ec6M<\/h2>\n\n\n\n<p><strong>C\u00f4ng ty C\u1ed5 ph\u1ea7n Truy\u1ec1n th\u00f4ng v\u00e0 C\u00f4ng ngh\u1ec7 BCGV<\/strong> \u0111\u01b0\u1ee3c th\u00e0nh l\u1eadp tr\u00ean n\u1ec1n t\u1ea3ng k\u1ebf th\u1eeba to\u00e0n b\u1ed9 th\u00e0nh t\u1ef1u ho\u1ea1t \u0111\u1ed9ng truy\u1ec1n th\u00f4ng c\u1ee7a <strong>C\u00f4ng ty C\u1ed5 ph\u1ea7n T\u1eadp \u0111o\u00e0n UB<\/strong> (UB GROUP). <em>V\u1edbi h\u01a1n 5 n\u0103m kinh nghi\u1ec7m trong l\u0129nh v\u1ef1c truy\u1ec1n th\u00f4ng m\u1ea1ng x\u00e3 h\u1ed9i v\u00e0 b\u00e1o ch\u00ed, c\u00f9ng h\u01a1n 10 n\u0103m kinh nghi\u1ec7m trong vi\u1ec7c cung c\u1ea5p s\u1ea3n ph\u1ea9m ph\u1ee5 tr\u1ee3 cho ng\u00e0nh Ng\u00e2n h\u00e0ng<\/em>, UB GROUP n\u00f3i chung v\u00e0 BCGV n\u00f3i ri\u00eang \u0111\u00e3 tr\u1edf th\u00e0nh <strong>\u0111\u01a1n v\u1ecb ti\u00ean phong v\u00e0 duy nh\u1ea5t trong vi\u1ec7c x\u00e2y d\u1ef1ng c\u00e1c k\u00eanh m\u1ea1ng x\u00e3 h\u1ed9i chuy\u00ean bi\u1ec7t cho ng\u00e0nh Ng\u00e2n h\u00e0ng<\/strong>.<\/p>\n\n\n\n<p>V\u1edbi s\u1ef1 am <strong>hi\u1ec3u s\u00e2u s\u1eafc v\u1ec1 ng\u00e0nh<\/strong>, d\u1ecbch v\u1ee5 truy\u1ec1n th\u00f4ng c\u1ee7a UB GROUP (nay l\u00e0 BCGV) \u0111\u00e3 tr\u1edf th\u00e0nh \u0111\u1ecba ch\u1ec9 tin c\u1eady c\u1ee7a kh\u00e1ch h\u00e0ng, \u0111\u1eb7c bi\u1ec7t trong kh\u1ed1i ng\u00e0nh Ng\u00e2n h\u00e0ng. Ch\u00fang t\u00f4i \u0111\u00e3 t\u1ed5 ch\u1ee9c c\u00e1c ch\u01b0\u01a1ng tr\u00ecnh truy\u1ec1n th\u00f4ng quy m\u00f4 to\u00e0n ng\u00e0nh nh\u01b0 Cu\u1ed9c thi vi\u1ebft ch\u00e0o m\u1eebng 70 n\u0103m ng\u00e0y th\u00e0nh l\u1eadp ng\u00e0nh Ng\u00e2n h\u00e0ng <em>\u201cNg\u00e2n h\u00e0ng T\u00f4i y\u00eau\u201d<\/em> v\u00e0 <em>Cu\u1ed9c thi to\u00e0n ng\u00e0nh v\u1ec1 Chu\u1ea9n m\u1ef1c \u0111\u1ea1o \u0111\u1ee9c ng\u00e0nh Ng\u00e2n h\u00e0ng<\/em> nh\u00e2n k\u1ef7 ni\u1ec7m 30 n\u0103m ng\u00e0y th\u00e0nh l\u1eadp Hi\u1ec7p h\u1ed9i Ng\u00e2n h\u00e0ng Vi\u1ec7t Nam.<\/p>\n\n\n\n<p>S\u1edf h\u1eefu l\u1ee3i th\u1ebf v\u1ec1 <strong>truy\u1ec1n th\u00f4ng m\u1ea1ng x\u00e3 h\u1ed9i<\/strong> th\u00f4ng qua c\u00e1c k\u00eanh s\u1edf h\u1eefu ri\u00eang v\u00e0 n\u0103ng l\u1ef1c c\u00f4ng ngh\u1ec7 v\u01b0\u1ee3t tr\u1ed9i, ch\u00fang t\u00f4i \u0111\u00e3 s\u00e1ng t\u1ea1o v\u00e0 tri\u1ec3n khai th\u00e0nh c\u00f4ng <strong>m\u00f4 h\u00ecnh truy\u1ec1n th\u00f4ng \u0111a t\u1ea7ng<\/strong>, nh\u1eb1m n\u00e2ng cao hi\u1ec7u qu\u1ea3 c\u1ee7a t\u1eebng ch\u01b0\u01a1ng tr\u00ecnh truy\u1ec1n th\u00f4ng l\u00ean m\u1ee9c cao nh\u1ea5t.<\/p>\n\n\n\n<a class=\"gb-button gb-button-d3fdecf1 gb-button-text\" href=\"https:\/\/gpsites.co\/relay\/contact\/\">Learn more<\/a>\n\n<\/div>\n\n<div class=\"gb-container gb-container-c558de1f\">\n\n<figure class=\"wp-block-embed is-type-video is-provider-youtube wp-block-embed-youtube wp-embed-aspect-16-9 wp-has-aspect-ratio\"><div class=\"wp-block-embed__wrapper\">\n<iframe loading=\"lazy\" title=\"L\u1ec4 TRAO GI\u1ea2I CU\u1ed8C THI VI\u1ebeT &quot;NG\u00c2N H\u00c0NG T\u00d4I Y\u00caU&quot; | HIGHLIGHT\" width=\"1200\" height=\"675\" src=\"https:\/\/www.youtube.com\/embed\/pgjtLQVfQrQ?feature=oembed\" frameborder=\"0\" allow=\"accelerometer; autoplay; clipboard-write; encrypted-media; gyroscope; picture-in-picture; web-share\" referrerpolicy=\"strict-origin-when-cross-origin\" allowfullscreen><\/iframe>\n<\/div><\/figure>\n\n\n<div class=\"gb-container gb-container-f688a0d5\">\n\n<div style=\"height:23px\" aria-hidden=\"true\" class=\"wp-block-spacer\"><\/div>\n\n\n\n<p class=\"gb-headline gb-headline-67df897a gb-headline-text\">BCGV t\u1ef1 h\u00e0o l\u00e0 \u0111\u01a1n v\u1ecb ti\u00ean phong &amp; duy nh\u1ea5t trong vi\u1ec7c x\u00e2y d\u1ef1ng h\u1ec7 sinh th\u00e1i truy\u1ec1n th\u00f4ng, c\u00f4ng ngh\u1ec7 ph\u1ee5 tr\u1ee3 ng\u00e0nh Ng\u00e2n h\u00e0ng.<\/p>\n\n\n\n<div style=\"height:19px\" aria-hidden=\"true\" class=\"wp-block-spacer\"><\/div>\n\n\n<div class=\"gb-grid-wrapper gb-grid-wrapper-0076c374\">\n<div class=\"gb-grid-column gb-grid-column-fdb393ab\"><div class=\"gb-container gb-container-fdb393ab\">\n\n<h3 class=\"gb-headline gb-headline-1977657c\"><span class=\"gb-icon\"><svg xmlns=\"http:\/\/www.w3.org\/2000\/svg\" viewBox=\"0 0 15 15\"> <path d=\"M4.07572 6.46984L4.5707 6.54056V6.54056L4.07572 6.46984ZM4.06567 6.5402L3.5707 6.46949L3.5707 6.46949L4.06567 6.5402ZM10.9242 6.46985L11.4192 6.39914V6.39914L10.9242 6.46985ZM10.9343 6.54021L10.4393 6.61091V6.61092L10.9343 6.54021ZM9.5 12.5V13C9.77614 13 10 12.7761 10 12.5H9.5ZM5.5 12.5H5C5 12.7761 5.22386 13 5.5 13V12.5ZM4.75549 9.15291L5.15088 8.84687L4.75549 9.15291ZM10.2445 9.15289L9.8491 8.84686L10.2445 9.15289ZM6 15H9V14H6V15ZM3.58075 6.39913L3.5707 6.46949L4.56064 6.61091L4.5707 6.54056L3.58075 6.39913ZM7.49998 3C5.52977 3 3.85938 4.44872 3.58075 6.39913L4.5707 6.54056C4.77895 5.08279 6.02742 4 7.49998 4V3ZM11.4192 6.39914C11.1406 4.44873 9.4702 3 7.49998 3V4C8.97255 4 10.221 5.0828 10.4293 6.54056L11.4192 6.39914ZM11.4293 6.4695L11.4192 6.39914L10.4293 6.54056L10.4393 6.61091L11.4293 6.4695ZM10.6399 9.45893C11.2696 8.64541 11.5885 7.58397 11.4293 6.46949L10.4393 6.61092C10.5585 7.44543 10.3209 8.23729 9.8491 8.84686L10.6399 9.45893ZM9 10.9013V12.5H10V10.9013H9ZM9.5 12H5.5V13H9.5V12ZM6 12.5V10.9013H5V12.5H6ZM3.5707 6.46949C3.41148 7.58398 3.73042 8.64543 4.36009 9.45895L5.15088 8.84687C4.67907 8.2373 4.44143 7.44544 4.56064 6.61091L3.5707 6.46949ZM6 10.9013C6 10.0775 5.56209 9.37814 5.15088 8.84687L4.36009 9.45895C4.74345 9.95426 5 10.427 5 10.9013H6ZM9.8491 8.84686C9.4379 9.37813 9 10.0775 9 10.9013H10C10 10.427 10.2565 9.95423 10.6399 9.45893L9.8491 8.84686ZM7 0V2H8V0H7ZM0 8H2V7H0V8ZM13 8H15V7H13V8ZM3.35355 3.64645L1.85355 2.14645L1.14645 2.85355L2.64645 4.35355L3.35355 3.64645ZM12.3536 4.35355L13.8536 2.85355L13.1464 2.14645L11.6464 3.64645L12.3536 4.35355Z\"><\/path> <\/svg><\/span><span class=\"gb-headline-text\">05++ n\u0103m kinh nghi\u1ec7m<\/span><\/h3>\n\n<\/div><\/div>\n\n<div class=\"gb-grid-column gb-grid-column-61e01030\"><div class=\"gb-container gb-container-61e01030\">\n\n<h3 class=\"gb-headline gb-headline-fb0b482a\"><span class=\"gb-icon\"><svg aria-hidden=\"true\" role=\"img\" height=\"1em\" width=\"1em\" viewBox=\"0 0 384 512\" xmlns=\"http:\/\/www.w3.org\/2000\/svg\"><path fill=\"currentColor\" d=\"M97.12 362.63c-8.69-8.69-4.16-6.24-25.12-11.85-9.51-2.55-17.87-7.45-25.43-13.32L1.2 448.7c-4.39 10.77 3.81 22.47 15.43 22.03l52.69-2.01L105.56 507c8 8.44 22.04 5.81 26.43-4.96l52.05-127.62c-10.84 6.04-22.87 9.58-35.31 9.58-19.5 0-37.82-7.59-51.61-21.37zM382.8 448.7l-45.37-111.24c-7.56 5.88-15.92 10.77-25.43 13.32-21.07 5.64-16.45 3.18-25.12 11.85-13.79 13.78-32.12 21.37-51.62 21.37-12.44 0-24.47-3.55-35.31-9.58L252 502.04c4.39 10.77 18.44 13.4 26.43 4.96l36.25-38.28 52.69 2.01c11.62.44 19.82-11.27 15.43-22.03zM263 340c15.28-15.55 17.03-14.21 38.79-20.14 13.89-3.79 24.75-14.84 28.47-28.98 7.48-28.4 5.54-24.97 25.95-45.75 10.17-10.35 14.14-25.44 10.42-39.58-7.47-28.38-7.48-24.42 0-52.83 3.72-14.14-.25-29.23-10.42-39.58-20.41-20.78-18.47-17.36-25.95-45.75-3.72-14.14-14.58-25.19-28.47-28.98-27.88-7.61-24.52-5.62-44.95-26.41-10.17-10.35-25-14.4-38.89-10.61-27.87 7.6-23.98 7.61-51.9 0-13.89-3.79-28.72.25-38.89 10.61-20.41 20.78-17.05 18.8-44.94 26.41-13.89 3.79-24.75 14.84-28.47 28.98-7.47 28.39-5.54 24.97-25.95 45.75-10.17 10.35-14.15 25.44-10.42 39.58 7.47 28.36 7.48 24.4 0 52.82-3.72 14.14.25 29.23 10.42 39.59 20.41 20.78 18.47 17.35 25.95 45.75 3.72 14.14 14.58 25.19 28.47 28.98C104.6 325.96 106.27 325 121 340c13.23 13.47 33.84 15.88 49.74 5.82a39.676 39.676 0 0 1 42.53 0c15.89 10.06 36.5 7.65 49.73-5.82zM97.66 175.96c0-53.03 42.24-96.02 94.34-96.02s94.34 42.99 94.34 96.02-42.24 96.02-94.34 96.02-94.34-42.99-94.34-96.02z\"><\/path><\/svg><\/span><span class=\"gb-headline-text\">H\u01a1n 50++ kh\u00e1ch h\u00e0ng th\u00e2n thi\u1ebft<\/span><\/h3>\n\n<\/div><\/div>\n\n<div class=\"gb-grid-column gb-grid-column-0586ab1d\"><div class=\"gb-container gb-container-0586ab1d\">\n\n<h3 class=\"gb-headline gb-headline-3ec435c1\"><span class=\"gb-icon\"><svg aria-hidden=\"true\" role=\"img\" height=\"1em\" width=\"1em\" viewBox=\"0 0 512 512\" xmlns=\"http:\/\/www.w3.org\/2000\/svg\"><path fill=\"currentColor\" d=\"M256 8C119.033 8 8 119.033 8 256s111.033 248 248 248 248-111.033 248-248S392.967 8 256 8zm0 48c110.532 0 200 89.451 200 200 0 110.532-89.451 200-200 200-110.532 0-200-89.451-200-200 0-110.532 89.451-200 200-200m140.204 130.267l-22.536-22.718c-4.667-4.705-12.265-4.736-16.97-.068L215.346 303.697l-59.792-60.277c-4.667-4.705-12.265-4.736-16.97-.069l-22.719 22.536c-4.705 4.667-4.736 12.265-.068 16.971l90.781 91.516c4.667 4.705 12.265 4.736 16.97.068l172.589-171.204c4.704-4.668 4.734-12.266.067-16.971z\"><\/path><\/svg><\/span><span class=\"gb-headline-text\">Ch\u01b0\u01a1ng tr\u00ecnh l\u1edbn, quy m\u00f4 ng\u00e0nh<\/span><\/h3>\n\n<\/div><\/div>\n<\/div>\n<\/div>\n<\/div>\n<\/section>\n\n<section class=\"gb-container gb-container-2b7d3752\">\n\n<h2 class=\"gb-headline gb-headline-217f603f\"><span class=\"gb-icon\"><svg aria-hidden=\"true\" role=\"img\" height=\"1em\" width=\"1em\" viewBox=\"0 0 512 512\" xmlns=\"http:\/\/www.w3.org\/2000\/svg\"><path fill=\"currentColor\" d=\"M173.898 439.404l-166.4-166.4c-9.997-9.997-9.997-26.206 0-36.204l36.203-36.204c9.997-9.998 26.207-9.998 36.204 0L192 312.69 432.095 72.596c9.997-9.997 26.207-9.997 36.204 0l36.203 36.204c9.997 9.997 9.997 26.206 0 36.204l-294.4 294.401c-9.998 9.997-26.207 9.997-36.204-.001z\"><\/path><\/svg><\/span><span class=\"gb-headline-text\">T\u1ea1i sao n\u00ean l\u1ef1a ch\u1ecdn bcgv?<\/span><\/h2>\n\n\n<div class=\"gb-container gb-container-db048d91\">\n<div class=\"gb-container gb-container-a583d15c\" style=\"background-image: url(https:\/\/bcgv.vn\/wp-content\/uploads\/2024\/10\/439993257_405804552212899_4502577891741485876_n.jpg);\"><\/div>\n\n<div class=\"gb-container gb-container-44368304\">\n\n<p class=\"gb-headline gb-headline-323df45d gb-headline-text\">B\u1eb1ng n\u0103ng l\u1ef1c v\u00e0 kinh nghi\u1ec7m \u0111\u00e3 tri\u1ec3n khai c\u00e1c d\u1ef1 \u00e1n l\u1edbn, ch\u00fang t\u00f4i t\u1ef1 tin ho\u00e0n th\u00e0nh t\u1ed1t nh\u1ea5t c\u00e1c y\u00eau c\u1ea7u c\u1ee7a kh\u00e1ch h\u00e0ng v\u1edbi m\u1ee9c chi ph\u00ed c\u1ea1nh tranh nh\u1ea5t. \u0110\u1ebfn v\u1edbi BCGV, kh\u00e1ch h\u00e0ng to\u00e0n to\u00e0n y\u00ean t\u00e2m v\u1ec1 ch\u1ea5t l\u01b0\u1ee3ng c\u00f4ng vi\u1ec7c, ti\u1ebfn \u0111\u1ed9 c\u00f4ng vi\u1ec7c v\u00e0 th\u00e1i \u0111\u1ed9 ph\u1ee5c v\u1ee5. Ch\u00fang t\u00f4i t\u1ef1 h\u00e0o l\u00e0 \u0111\u01a1n v\u1ecb:<\/p>\n\n\n\n<h4 class=\"gb-headline gb-headline-d1d40c7f gb-headline-text\">Hi\u1ec3u ng\u00e0nh, hi\u1ec3u ngh\u1ec1<\/h4>\n\n\n<div class=\"gb-container gb-container-057c1403\">\n<div class=\"gb-container gb-container-bbf280f1\"><\/div>\n<\/div>\n\n\n<h4 class=\"gb-headline gb-headline-cd0c2a4f gb-headline-text\">S\u1edf h\u1eefu m\u1ea1ng l\u01b0\u1edbi k\u00eanh truy\u1ec1n th\u00f4ng chuy\u00ean bi\u1ec7t<\/h4>\n\n\n<div class=\"gb-container gb-container-1d0f4857\">\n<div class=\"gb-container gb-container-f605cc3f\"><\/div>\n<\/div>\n\n\n<h4 class=\"gb-headline gb-headline-29324851 gb-headline-text\">Kinh nghi\u1ec7m tri\u1ec3n khai ch\u01b0\u01a1ng tr\u00ecnh l\u1edbn <\/h4>\n\n\n<div class=\"gb-container gb-container-89bd081e\">\n<div class=\"gb-container gb-container-16f9c01e\"><\/div>\n<\/div>\n\n\n<h4 class=\"gb-headline gb-headline-4a54bd47 gb-headline-text\">\u0110\u1ed9i ng\u0169 nh\u00e2n s\u1ef1 tr\u00ecnh \u0111\u1ed9 cao<\/h4>\n\n\n<div class=\"gb-container gb-container-67fe5f1d\">\n<div class=\"gb-container gb-container-cc506d83\"><\/div>\n<\/div>\n\n\n<h4 class=\"gb-headline gb-headline-a150c6e5 gb-headline-text\">H\u1ec7 th\u1ed1ng c\u00f4ng ngh\u1ec7 th\u00f4ng minh<\/h4>\n\n\n<div class=\"gb-container gb-container-79fe48bd\">\n<div class=\"gb-container gb-container-54c77eea\"><\/div>\n<\/div>\n\n\n<h4 class=\"gb-headline gb-headline-dac0ccee gb-headline-text\">D\u1ecbch v\u1ee5 chuy\u00ean nghi\u1ec7p, ph\u00e1p l\u00fd ch\u1eb7t ch\u1ebd<\/h4>\n\n\n<div class=\"gb-container gb-container-c9927adf\">\n<div class=\"gb-container gb-container-21dcfd32\"><\/div>\n<\/div>\n\n\n<a class=\"gb-button gb-button-cbc5b97c gb-button-text\" href=\"#\">Learn more<\/a>\n\n<\/div>\n<\/div>\n<\/section>\n\n\n<p><\/p>\n","protected":false},"excerpt":{"rendered":"<p>CTCP TRUY\u1ec0N TH\u00d4NG &amp; C\u00d4NG NGH\u1ec6 BCGV 02466.879.899 contact@bgcv.vn Ch\u00fang t\u00f4i t\u1ef1 h\u00e0o l\u00e0 \u0111\u01a1n v\u1ecb truy\u1ec1n th\u00f4ng v\u00e0 c\u00f4ng ngh\u1ec7 tr\u1ef1c thu\u1ed9c CTCP T\u1eadp \u0111o\u00e0n UB, \u0111\u01a1n v\u1ecb lu\u00f4n \u0111\u01b0\u1ee3c l\u1ef1a ch\u1ecdn, tin d\u00f9ng trong l\u0129nh v\u1ef1c cung c\u1ea5p s\u1ea3n ph\u1ea9m truy\u1ec1n th\u00f4ng m\u1ea1ng x\u00e3 h\u1ed9i v\u00e0 d\u1ecbch v\u1ee5 c\u00f4ng ngh\u1ec7 b\u1ed5 tr\u1ee3 cho &#8230; <a title=\"Home\" class=\"read-more\" href=\"https:\/\/bcgv.vn\/\" aria-label=\"Read more about Home\">Read more<\/a><\/p>\n","protected":false},"author":1,"featured_media":0,"parent":0,"menu_order":0,"comment_status":"closed","ping_status":"open","template":"","meta":{"footnotes":""},"class_list":["post-808","page","type-page","status-publish"],"_links":{"self":[{"href":"https:\/\/bcgv.vn\/index.php?rest_route=\/wp\/v2\/pages\/808","targetHints":{"allow":["GET"]}}],"collection":[{"href":"https:\/\/bcgv.vn\/index.php?rest_route=\/wp\/v2\/pages"}],"about":[{"href":"https:\/\/bcgv.vn\/index.php?rest_route=\/wp\/v2\/types\/page"}],"author":[{"embeddable":true,"href":"https:\/\/bcgv.vn\/index.php?rest_route=\/wp\/v2\/users\/1"}],"replies":[{"embeddable":true,"href":"https:\/\/bcgv.vn\/index.php?rest_route=%2Fwp%2Fv2%2Fcomments&post=808"}],"version-history":[{"count":49,"href":"https:\/\/bcgv.vn\/index.php?rest_route=\/wp\/v2\/pages\/808\/revisions"}],"predecessor-version":[{"id":968,"href":"https:\/\/bcgv.vn\/index.php?rest_route=\/wp\/v2\/pages\/808\/revisions\/968"}],"wp:attachment":[{"href":"https:\/\/bcgv.vn\/index.php?rest_route=%2Fwp%2Fv2%2Fmedia&parent=808"}],"curies":[{"name":"wp","href":"https:\/\/api.w.org\/{rel}","templated":true}]}}